{"id":1078,"date":"2017-02-24T01:21:29","date_gmt":"2017-02-24T01:21:29","guid":{"rendered":"https:\/\/truagro.com.tr\/contact\/"},"modified":"2024-01-09T18:48:28","modified_gmt":"2024-01-09T18:48:28","slug":"contact","status":"publish","type":"page","link":"https:\/\/truagro.com.tr\/en\/contact\/","title":{"rendered":"CONTACT"},"content":{"rendered":"<div class=\"wpb-content-wrapper\"><p>[vc_row full_width=&#8221;stretch_row&#8221; css=&#8221;.vc_custom_1487898108452{padding-top: 100px !important;padding-bottom: 100px !important;}&#8221;][vc_column css_animation=&#8221;fadeInLeft&#8221; width=&#8221;1\/3&#8243;][vc_icon icon_fontawesome=&#8221;fas fa-map-marker-alt&#8221; color=&#8221;custom&#8221; size=&#8221;lg&#8221; align=&#8221;center&#8221; custom_color=&#8221;#27a536&#8243;][vc_custom_heading text=&#8221;Headquarters&#8221; font_container=&#8221;tag:h5|font_size:18|text_align:center|color:%23333333&#8243; use_theme_fonts=&#8221;yes&#8221;][vc_custom_heading text=&#8221;\u00c7\u0131narl\u0131 Mh. 1572 Sk.<br \/>\nNo:33 PK.35170<br \/>\nKonak, \u0130zmir, T\u00fcrkiye&#8221; font_container=&#8221;tag:p|text_align:center|color:%23777777&#8243; use_theme_fonts=&#8221;yes&#8221;][vc_column_text]<\/p>\n<p style=\"text-align: center;\">T. +90 232 435 59 00<br \/>\nF. +90 232 435 59 09<br \/>\n<a href=\"mailto:info@truagro.com.tr\">info@truagro.com.tr<\/a><\/p>\n<p>[\/vc_column_text][vc_empty_space][vc_column_text]<\/p>\n<p style=\"text-align: center;\"><iframe loading=\"lazy\" style=\"border: 0;\" src=\"https:\/\/www.google.com\/maps\/embed?pb=!1m14!1m12!1m3!1d3337.7105074764536!2d27.17187133168548!3d38.441369622960735!2m3!1f0!2f0!3f0!3m2!1i1024!2i768!4f13.1!5e0!3m2!1str!2str!4v1704826079152!5m2!1str!2str\" width=\"300\" height=\"300\" allowfullscreen=\"allowfullscreen\"><\/iframe><\/p>\n<p>[\/vc_column_text][\/vc_column][vc_column css_animation=&#8221;fadeInUp&#8221; width=&#8221;1\/3&#8243;][vc_icon icon_fontawesome=&#8221;fas fa-map-marker-alt&#8221; color=&#8221;custom&#8221; size=&#8221;lg&#8221; align=&#8221;center&#8221; custom_color=&#8221;#eb6012&#8243;][vc_custom_heading text=&#8221;TRUAGRO Life Adana Plant&#8221; font_container=&#8221;tag:h5|font_size:18|text_align:center|color:%23333333&#8243; use_theme_fonts=&#8221;yes&#8221;][vc_custom_heading text=&#8221;Koza Mh. Selahattin \u00c7olak Blv.<br \/>\nNo:1\/A PK.01430 K\u00fc\u00e7\u00fckdikili<br \/>\nSeyhan, Adana, T\u00fcrkiye&#8221; font_container=&#8221;tag:p|text_align:center|color:%23777777&#8243; use_theme_fonts=&#8221;yes&#8221;][vc_column_text]<\/p>\n<p style=\"text-align: center;\">T. +90 232 435 59 00<br \/>\nF. +90 232 435 59 09<br \/>\n<a href=\"mailto:life@truagro.com.tr\">life@truagro.com.tr<\/a><\/p>\n<p>[\/vc_column_text][vc_empty_space][vc_column_text]<\/p>\n<p style=\"text-align: center;\"><iframe loading=\"lazy\" style=\"border: 0;\" src=\"https:\/\/www.google.com\/maps\/embed?pb=!1m18!1m12!1m3!1d3186.5525139011756!2d35.21054415104628!3d36.99661326421935!2m3!1f0!2f0!3f0!3m2!1i1024!2i768!4f13.1!3m3!1m2!1s0x15287d6230c64259%3A0xff4c47248f320ea3!2zS8O8w6fDvGtkaWtpbGkgw4fEsW5hcmzEsSwgS8O8w6fDvGtkaWtpbGkgQmxkLiBObzoyLCAwMTQzMCBTZXloYW4vQWRhbmE!5e0!3m2!1str!2str!4v1662821963816!5m2!1str!2str\" width=\"300\" height=\"300\" allowfullscreen=\"allowfullscreen\"><\/iframe><\/p>\n<p>[\/vc_column_text][\/vc_column][vc_column css_animation=&#8221;fadeInRight&#8221; width=&#8221;1\/3&#8243;][vc_icon icon_fontawesome=&#8221;fas fa-map-marker-alt&#8221; color=&#8221;custom&#8221; size=&#8221;lg&#8221; align=&#8221;center&#8221; custom_color=&#8221;#d70926&#8243;][vc_custom_heading text=&#8221;TRUAGRO Fresh Hatay Plant&#8221; font_container=&#8221;tag:h5|font_size:18|text_align:center|color:%23333333&#8243; use_theme_fonts=&#8221;yes&#8221;][vc_custom_heading text=&#8221;H\u00fcrriyet Mh. Hanifi Soylu Blv.<br \/>\nNo:141 PK.31960 Erzin<br \/>\nHatay, T\u00fcrkiye&#8221; font_container=&#8221;tag:p|text_align:center|color:%23777777&#8243; use_theme_fonts=&#8221;yes&#8221;][vc_column_text]<\/p>\n<p style=\"text-align: center;\">T. +90 232 435 59 00<br \/>\nF. +90 232 435 59 09<br \/>\n<a href=\"mailto:fresh@truagro.com.tr\">fresh@truagro.com.tr<\/a><\/p>\n<p>[\/vc_column_text][vc_empty_space][vc_column_text]<\/p>\n<p style=\"text-align: center;\"><iframe loading=\"lazy\" style=\"border: 0;\" src=\"https:\/\/www.google.com\/maps\/embed?pb=!1m18!1m12!1m3!1d922.434604849896!2d36.13514803351108!3d36.9731478!2m3!1f0!2f0!3f0!3m2!1i1024!2i768!4f13.1!3m3!1m2!1s0x152f3b036c5f4283%3A0x13b9820f1ea128e7!2sYe%C5%9Filtepe%2C%20Hanifi%20Soylu%20Blv.%20No%3A141%2C%2031960%20Erzin%2FHatay!5e1!3m2!1str!2str!4v1662822626935!5m2!1str!2str\" width=\"300\" height=\"300\" allowfullscreen=\"allowfullscreen\"><\/iframe><\/p>\n<p>[\/vc_column_text][\/vc_column][\/vc_row][vc_row css_animation=&#8221;fadeIn&#8221; css=&#8221;.vc_custom_1663278824001{padding-right: 32px !important;padding-bottom: 100px !important;padding-left: 32px !important;}&#8221;][vc_column css=&#8221;.vc_custom_1487899238452{padding-top: 0px !important;padding-bottom: 0px !important;}&#8221;][vc_custom_heading text=&#8221;Write to Us&#8221; font_container=&#8221;tag:h2|font_size:3.5rem|text_align:left|color:%23333333|line_height:1.1&#8243; use_theme_fonts=&#8221;yes&#8221;][vc_column_text]\n<div class=\"wpcf7 no-js\" id=\"wpcf7-f1197-o1\" lang=\"en-US\" dir=\"ltr\" data-wpcf7-id=\"1197\">\n<div class=\"screen-reader-response\"><p role=\"status\" aria-live=\"polite\" aria-atomic=\"true\"><\/p> <ul><\/ul><\/div>\n<form action=\"\/en\/wp-json\/wp\/v2\/pages\/1078#wpcf7-f1197-o1\" method=\"post\" class=\"wpcf7-form init\" aria-label=\"Contact form\" novalidate=\"novalidate\" data-status=\"init\">\n<fieldset class=\"hidden-fields-container\"><input type=\"hidden\" name=\"_wpcf7\" value=\"1197\" \/><input type=\"hidden\" name=\"_wpcf7_version\" value=\"6.1.5\" \/><input type=\"hidden\" name=\"_wpcf7_locale\" value=\"en_US\" \/><input type=\"hidden\" name=\"_wpcf7_unit_tag\" value=\"wpcf7-f1197-o1\" \/><input type=\"hidden\" name=\"_wpcf7_container_post\" value=\"0\" \/><input type=\"hidden\" name=\"_wpcf7_posted_data_hash\" value=\"\" \/>\n<\/fieldset>\n<div>\n\t<div class=\"row\">\n\t\t<div class=\"col-md\">\n\t\t\t<p><label class=\"input-wrp\"><span class=\"wpcf7-form-control-wrap\" data-name=\"text-992\"><input size=\"40\" maxlength=\"400\" class=\"wpcf7-form-control wpcf7-text wpcf7-validates-as-required textfield\" aria-required=\"true\" aria-invalid=\"false\" placeholder=\"Name Surname\" value=\"\" type=\"text\" name=\"text-992\" \/><\/span><\/label>\n\t\t\t<\/p>\n\t\t<\/div>\n\t\t<div class=\"col-md\">\n\t\t\t<p><label class=\"input-wrp\"><span class=\"wpcf7-form-control-wrap\" data-name=\"text-993\"><input size=\"40\" maxlength=\"400\" class=\"wpcf7-form-control wpcf7-text wpcf7-validates-as-required textfield\" aria-required=\"true\" aria-invalid=\"false\" placeholder=\"E-mail\" value=\"\" type=\"text\" name=\"text-993\" \/><\/span><\/label>\n\t\t\t<\/p>\n\t\t<\/div>\n\t<\/div>\n\t<p><label class=\"input-wrp\"><span class=\"wpcf7-form-control-wrap\" data-name=\"textarea-144\"><textarea cols=\"10\" rows=\"2\" maxlength=\"2000\" class=\"wpcf7-form-control wpcf7-textarea wpcf7-validates-as-required textfield\" aria-required=\"true\" aria-invalid=\"false\" placeholder=\"Message\" name=\"textarea-144\"><\/textarea><\/span><\/label><input class=\"wpcf7-form-control wpcf7-submit has-spinner custom-btn primary\" type=\"submit\" value=\"SEND\" \/>\n\t<\/p>\n<\/div><div class=\"wpcf7-response-output\" aria-hidden=\"true\"><\/div>\n<\/form>\n<\/div>\n[\/vc_column_text][\/vc_column][\/vc_row]<\/p>\n<\/div>","protected":false},"excerpt":{"rendered":"<p>[vc_row full_width=&#8221;stretch_row&#8221; css=&#8221;.vc_custom_1487898108452{padding-top: 100px !important;padding-bottom: 100px !important;}&#8221;][vc_column css_animation=&#8221;fadeInLeft&#8221; width=&#8221;1\/3&#8243;][vc_icon icon_fontawesome=&#8221;fas fa-map-marker-alt&#8221; color=&#8221;custom&#8221; size=&#8221;lg&#8221; align=&#8221;center&#8221; custom_color=&#8221;#27a536&#8243;][vc_custom_heading text=&#8221;Headquarters&#8221; font_container=&#8221;tag:h5|font_size:18|text_align:center|color:%23333333&#8243; use_theme_fonts=&#8221;yes&#8221;][vc_custom_heading text=&#8221;\u00c7\u0131narl\u0131 Mh. 1572 Sk. No:33 PK.35170 Konak, \u0130zmir, T\u00fcrkiye&#8221; font_container=&#8221;tag:p|text_align:center|color:%23777777&#8243; use_theme_fonts=&#8221;yes&#8221;][vc_column_text] T. +90 232 435 59 00 F. +90 232 435 59 09 info@truagro.com.tr [\/vc_column_text][vc_empty_space][vc_column_text] [\/vc_column_text][\/vc_column][vc_column css_animation=&#8221;fadeInUp&#8221; width=&#8221;1\/3&#8243;][vc_icon icon_fontawesome=&#8221;fas fa-map-marker-alt&#8221; color=&#8221;custom&#8221; size=&#8221;lg&#8221; align=&#8221;center&#8221; custom_color=&#8221;#eb6012&#8243;][vc_custom_heading text=&#8221;TRUAGRO Life Adana [&hellip;]<\/p>\n","protected":false},"author":3,"featured_media":0,"parent":0,"menu_order":0,"comment_status":"closed","ping_status":"closed","template":"custom-page.php","meta":{"footnotes":""},"class_list":["post-1078","page","type-page","status-publish","hentry"],"yoast_head":"<!-- This site is optimized with the Yoast SEO plugin v27.4 - https:\/\/yoast.com\/product\/yoast-seo-wordpress\/ -->\n<title>CONTACT - TRUAGRO<\/title>\n<meta name=\"description\" content=\"Contact us. Headquarters: Adalet Mh.1596 Sk. No:2 Kat:6 Hitay Plaza PK.35530 Bayrakl\u0131, \u0130zmir, T\u00fcrkiye +90 (232) 435 59 00 - info@truagro.com.tr\" \/>\n<meta name=\"robots\" content=\"index, follow, max-snippet:-1, max-image-preview:large, max-video-preview:-1\" \/>\n<link rel=\"canonical\" href=\"https:\/\/truagro.com.tr\/en\/contact\/\" \/>\n<meta property=\"og:locale\" content=\"en_US\" \/>\n<meta property=\"og:type\" content=\"article\" \/>\n<meta property=\"og:title\" content=\"CONTACT - TRUAGRO\" \/>\n<meta property=\"og:description\" content=\"Contact us. Headquarters: Adalet Mh.1596 Sk. No:2 Kat:6 Hitay Plaza PK.35530 Bayrakl\u0131, \u0130zmir, T\u00fcrkiye +90 (232) 435 59 00 - info@truagro.com.tr\" \/>\n<meta property=\"og:url\" content=\"https:\/\/truagro.com.tr\/en\/contact\/\" \/>\n<meta property=\"og:site_name\" content=\"TRUAGRO\" \/>\n<meta property=\"article:publisher\" content=\"https:\/\/www.facebook.com\/truagro360\" \/>\n<meta property=\"article:modified_time\" content=\"2024-01-09T18:48:28+00:00\" \/>\n<meta name=\"twitter:card\" content=\"summary_large_image\" \/>\n<meta name=\"twitter:site\" content=\"@truagro\" \/>\n<meta name=\"twitter:label1\" content=\"Est. reading time\" \/>\n\t<meta name=\"twitter:data1\" content=\"1 minute\" \/>\n<script type=\"application\/ld+json\" class=\"yoast-schema-graph\">{\"@context\":\"https:\\\/\\\/schema.org\",\"@graph\":[{\"@type\":\"WebPage\",\"@id\":\"https:\\\/\\\/truagro.com.tr\\\/en\\\/contact\\\/\",\"url\":\"https:\\\/\\\/truagro.com.tr\\\/en\\\/contact\\\/\",\"name\":\"CONTACT - TRUAGRO\",\"isPartOf\":{\"@id\":\"https:\\\/\\\/truagro.com.tr\\\/en\\\/#website\"},\"datePublished\":\"2017-02-24T01:21:29+00:00\",\"dateModified\":\"2024-01-09T18:48:28+00:00\",\"description\":\"Contact us. Headquarters: Adalet Mh.1596 Sk. No:2 Kat:6 Hitay Plaza PK.35530 Bayrakl\u0131, \u0130zmir, T\u00fcrkiye +90 (232) 435 59 00 - info@truagro.com.tr\",\"breadcrumb\":{\"@id\":\"https:\\\/\\\/truagro.com.tr\\\/en\\\/contact\\\/#breadcrumb\"},\"inLanguage\":\"en-US\",\"potentialAction\":[{\"@type\":\"ReadAction\",\"target\":[\"https:\\\/\\\/truagro.com.tr\\\/en\\\/contact\\\/\"]}]},{\"@type\":\"BreadcrumbList\",\"@id\":\"https:\\\/\\\/truagro.com.tr\\\/en\\\/contact\\\/#breadcrumb\",\"itemListElement\":[{\"@type\":\"ListItem\",\"position\":1,\"name\":\"Anasayfa\",\"item\":\"https:\\\/\\\/truagro.com.tr\\\/en\\\/\"},{\"@type\":\"ListItem\",\"position\":2,\"name\":\"CONTACT\"}]},{\"@type\":\"WebSite\",\"@id\":\"https:\\\/\\\/truagro.com.tr\\\/en\\\/#website\",\"url\":\"https:\\\/\\\/truagro.com.tr\\\/en\\\/\",\"name\":\"TRUAGRO\",\"description\":\"360\u00b0 Agriculture\",\"publisher\":{\"@id\":\"https:\\\/\\\/truagro.com.tr\\\/en\\\/#organization\"},\"potentialAction\":[{\"@type\":\"SearchAction\",\"target\":{\"@type\":\"EntryPoint\",\"urlTemplate\":\"https:\\\/\\\/truagro.com.tr\\\/en\\\/?s={search_term_string}\"},\"query-input\":{\"@type\":\"PropertyValueSpecification\",\"valueRequired\":true,\"valueName\":\"search_term_string\"}}],\"inLanguage\":\"en-US\"},{\"@type\":\"Organization\",\"@id\":\"https:\\\/\\\/truagro.com.tr\\\/en\\\/#organization\",\"name\":\"TRUAGRO\",\"url\":\"https:\\\/\\\/truagro.com.tr\\\/en\\\/\",\"logo\":{\"@type\":\"ImageObject\",\"inLanguage\":\"en-US\",\"@id\":\"https:\\\/\\\/truagro.com.tr\\\/en\\\/#\\\/schema\\\/logo\\\/image\\\/\",\"url\":\"https:\\\/\\\/truagro.com.tr\\\/wp-content\\\/uploads\\\/Truagro-SEO.jpeg\",\"contentUrl\":\"https:\\\/\\\/truagro.com.tr\\\/wp-content\\\/uploads\\\/Truagro-SEO.jpeg\",\"width\":1024,\"height\":1024,\"caption\":\"TRUAGRO\"},\"image\":{\"@id\":\"https:\\\/\\\/truagro.com.tr\\\/en\\\/#\\\/schema\\\/logo\\\/image\\\/\"},\"sameAs\":[\"https:\\\/\\\/www.facebook.com\\\/truagro360\",\"https:\\\/\\\/x.com\\\/truagro\",\"https:\\\/\\\/www.instagram.com\\\/truagro\\\/\",\"https:\\\/\\\/www.linkedin.com\\\/company\\\/truagro\",\"https:\\\/\\\/www.youtube.com\\\/channel\\\/UCTb52RQrOj5LKeSVDosWVxg\"]}]}<\/script>\n<!-- \/ Yoast SEO plugin. -->","yoast_head_json":{"title":"CONTACT - TRUAGRO","description":"Contact us. Headquarters: Adalet Mh.1596 Sk. No:2 Kat:6 Hitay Plaza PK.35530 Bayrakl\u0131, \u0130zmir, T\u00fcrkiye +90 (232) 435 59 00 - info@truagro.com.tr","robots":{"index":"index","follow":"follow","max-snippet":"max-snippet:-1","max-image-preview":"max-image-preview:large","max-video-preview":"max-video-preview:-1"},"canonical":"https:\/\/truagro.com.tr\/en\/contact\/","og_locale":"en_US","og_type":"article","og_title":"CONTACT - TRUAGRO","og_description":"Contact us. Headquarters: Adalet Mh.1596 Sk. No:2 Kat:6 Hitay Plaza PK.35530 Bayrakl\u0131, \u0130zmir, T\u00fcrkiye +90 (232) 435 59 00 - info@truagro.com.tr","og_url":"https:\/\/truagro.com.tr\/en\/contact\/","og_site_name":"TRUAGRO","article_publisher":"https:\/\/www.facebook.com\/truagro360","article_modified_time":"2024-01-09T18:48:28+00:00","twitter_card":"summary_large_image","twitter_site":"@truagro","twitter_misc":{"Est. reading time":"1 minute"},"schema":{"@context":"https:\/\/schema.org","@graph":[{"@type":"WebPage","@id":"https:\/\/truagro.com.tr\/en\/contact\/","url":"https:\/\/truagro.com.tr\/en\/contact\/","name":"CONTACT - TRUAGRO","isPartOf":{"@id":"https:\/\/truagro.com.tr\/en\/#website"},"datePublished":"2017-02-24T01:21:29+00:00","dateModified":"2024-01-09T18:48:28+00:00","description":"Contact us. Headquarters: Adalet Mh.1596 Sk. No:2 Kat:6 Hitay Plaza PK.35530 Bayrakl\u0131, \u0130zmir, T\u00fcrkiye +90 (232) 435 59 00 - info@truagro.com.tr","breadcrumb":{"@id":"https:\/\/truagro.com.tr\/en\/contact\/#breadcrumb"},"inLanguage":"en-US","potentialAction":[{"@type":"ReadAction","target":["https:\/\/truagro.com.tr\/en\/contact\/"]}]},{"@type":"BreadcrumbList","@id":"https:\/\/truagro.com.tr\/en\/contact\/#breadcrumb","itemListElement":[{"@type":"ListItem","position":1,"name":"Anasayfa","item":"https:\/\/truagro.com.tr\/en\/"},{"@type":"ListItem","position":2,"name":"CONTACT"}]},{"@type":"WebSite","@id":"https:\/\/truagro.com.tr\/en\/#website","url":"https:\/\/truagro.com.tr\/en\/","name":"TRUAGRO","description":"360\u00b0 Agriculture","publisher":{"@id":"https:\/\/truagro.com.tr\/en\/#organization"},"potentialAction":[{"@type":"SearchAction","target":{"@type":"EntryPoint","urlTemplate":"https:\/\/truagro.com.tr\/en\/?s={search_term_string}"},"query-input":{"@type":"PropertyValueSpecification","valueRequired":true,"valueName":"search_term_string"}}],"inLanguage":"en-US"},{"@type":"Organization","@id":"https:\/\/truagro.com.tr\/en\/#organization","name":"TRUAGRO","url":"https:\/\/truagro.com.tr\/en\/","logo":{"@type":"ImageObject","inLanguage":"en-US","@id":"https:\/\/truagro.com.tr\/en\/#\/schema\/logo\/image\/","url":"https:\/\/truagro.com.tr\/wp-content\/uploads\/Truagro-SEO.jpeg","contentUrl":"https:\/\/truagro.com.tr\/wp-content\/uploads\/Truagro-SEO.jpeg","width":1024,"height":1024,"caption":"TRUAGRO"},"image":{"@id":"https:\/\/truagro.com.tr\/en\/#\/schema\/logo\/image\/"},"sameAs":["https:\/\/www.facebook.com\/truagro360","https:\/\/x.com\/truagro","https:\/\/www.instagram.com\/truagro\/","https:\/\/www.linkedin.com\/company\/truagro","https:\/\/www.youtube.com\/channel\/UCTb52RQrOj5LKeSVDosWVxg"]}]}},"_links":{"self":[{"href":"https:\/\/truagro.com.tr\/en\/wp-json\/wp\/v2\/pages\/1078","targetHints":{"allow":["GET"]}}],"collection":[{"href":"https:\/\/truagro.com.tr\/en\/wp-json\/wp\/v2\/pages"}],"about":[{"href":"https:\/\/truagro.com.tr\/en\/wp-json\/wp\/v2\/types\/page"}],"author":[{"embeddable":true,"href":"https:\/\/truagro.com.tr\/en\/wp-json\/wp\/v2\/users\/3"}],"replies":[{"embeddable":true,"href":"https:\/\/truagro.com.tr\/en\/wp-json\/wp\/v2\/comments?post=1078"}],"version-history":[{"count":0,"href":"https:\/\/truagro.com.tr\/en\/wp-json\/wp\/v2\/pages\/1078\/revisions"}],"wp:attachment":[{"href":"https:\/\/truagro.com.tr\/en\/wp-json\/wp\/v2\/media?parent=1078"}],"curies":[{"name":"wp","href":"https:\/\/api.w.org\/{rel}","templated":true}]}}